{"id":19,"date":"2014-05-05T19:19:06","date_gmt":"2014-05-05T17:19:06","guid":{"rendered":"http:\/\/jet-geneve.ch\/?page_id=19"},"modified":"2023-05-31T17:34:39","modified_gmt":"2023-05-31T15:34:39","slug":"presentation-du-club-et-de-lequipe","status":"publish","type":"page","link":"http:\/\/jet-geneve.ch\/?page_id=19","title":{"rendered":"Club et equipe"},"content":{"rendered":"<p style=\"text-align: justify;\"><span style=\"color: #000000;\"><span style=\"text-decoration: underline;\"><strong>Historique<\/strong><\/span> :<\/span><\/p>\n<p style=\"text-align: justify;\">En 2012, la F\u00e9d\u00e9ration Suisse de Rink-Hockey (FSRH) a demand\u00e9 au Gen\u00e8ve Rink-Hockey Club de cr\u00e9er une \u00e9quipe suppl\u00e9mentaire en ligue nationale B afin de permettre une phase de poules dans cette ligue. Deux \u00e9quipes d&rsquo;un m\u00eame club ne pouvant pas \u00e9voluer ensemble dans les ligues sup\u00e9rieures, un nouveau club a \u00e9t\u00e9 fond\u00e9 : <strong>le Jet Roller Club Gen\u00e8ve.\u00a0<\/strong>En septembre 2014 une \u00e9quipe LNC s&rsquo;est aussi cr\u00e9e au sein du club.<\/p>\n<hr \/>\n<p style=\"text-align: justify;\"><span style=\"color: #000000;\"><span style=\"text-decoration: underline;\"><strong>Palmar\u00e8s<\/strong><\/span> :<\/span><\/p>\n<p style=\"text-align: justify;\">2012\/2013 \u00a0&#8211; 3\u00e8me du championnat LNB (premi\u00e8re participation)<\/p>\n<p style=\"text-align: justify;\">2013\/2014 &#8211; 4\u00e8me du championnat LNB<\/p>\n<p style=\"text-align: justify;\">2014\/2015 &#8211; 5\u00e8me du championnat LNB et 7\u00e8me du championnat LNC (premi\u00e8re participation)<\/p>\n<hr \/>\n<p style=\"text-align: justify;\"><span style=\"color: #000000;\"><span style=\"text-decoration: underline;\"><strong>Staff<\/strong><\/span> :<\/span><\/p>\n<p style=\"text-align: left;\"><strong>Pr\u00e9sident \/ Joueur :<\/strong> von D\u00e4niken Thibault<\/p>\n<p style=\"text-align: left;\"><strong>Vice-Pr\u00e9sident \/ Joueur :<\/strong>\u00a0 Vielliard Paul<\/p>\n<p style=\"text-align: left;\"><strong>Directeur technique :<\/strong>\u00a0Baud Andr\u00e9<\/p>\n<p><strong>Secr\u00e9tariat<\/strong>\u00a0: von D\u00e4niken Thibault<\/p>\n<p><strong>Tr\u00e9sorier<\/strong>\u00a0: Bachayani Fadi<\/p>\n<p style=\"text-align: left;\"><strong>Entraineur :<\/strong><\/p>\n<p><strong>Membre d&rsquo;honneur :<\/strong> Rosa Yan<\/p>\n<p style=\"text-align: left;\"><strong>Joueurs :\u00a0<\/strong><\/p>\n<p style=\"text-align: left;\">Duverney Justin &#8211; Forel Louis &#8211; Froidevaux Mathias &#8211; Julien Thomas &#8211;\u00a0 Kouassi Alhonko &#8211;\u00a0 Lau Yoahan &#8211; Lorenzi Leo &#8211; Lorenzi Matteo &#8211; Maspero St\u00e9phane &#8211; Matter Michel &#8211; Matter Patrice &#8211; Ortola Jordi &#8211; Paris Vicent &#8211; Sterchi Michael &#8211; Texeira Ricardo &#8211; Tinguely Vincent &#8211; Vielliard Paul &#8211; von D\u00e4niken Thibault &#8211; von D\u00e4niken Val\u00e9rian &#8211; Waridel Jonathan<\/p>\n<p style=\"text-align: left;\"><strong>Gardiens :<\/strong><\/p>\n<p style=\"text-align: left;\">Romanens Jean-Christophe &#8211; Cavadini Matteo &#8211; Schweizer Cyrille<\/p>\n<hr \/>\n<p><span style=\"color: #000000;\"><span style=\"text-decoration: underline;\"><strong>Photos d&rsquo;\u00e9quipes LNB<\/strong><\/span> (saison 2018\/2019)<a href=\"http:\/\/jet-geneve.ch\/wordpress\/wp-content\/uploads\/2019\/10\/72353128_216470872674960_4731938329551962112_n.jpg\"><img decoding=\"async\" loading=\"lazy\" class=\"alignnone wp-image-1105 size-full\" src=\"http:\/\/jet-geneve.ch\/wordpress\/wp-content\/uploads\/2019\/10\/72353128_216470872674960_4731938329551962112_n.jpg\" alt=\"\" width=\"960\" height=\"720\" srcset=\"http:\/\/jet-geneve.ch\/wordpress\/wp-content\/uploads\/2019\/10\/72353128_216470872674960_4731938329551962112_n.jpg 960w, http:\/\/jet-geneve.ch\/wordpress\/wp-content\/uploads\/2019\/10\/72353128_216470872674960_4731938329551962112_n-300x225.jpg 300w, http:\/\/jet-geneve.ch\/wordpress\/wp-content\/uploads\/2019\/10\/72353128_216470872674960_4731938329551962112_n-768x576.jpg 768w, http:\/\/jet-geneve.ch\/wordpress\/wp-content\/uploads\/2019\/10\/72353128_216470872674960_4731938329551962112_n-128x96.jpg 128w, http:\/\/jet-geneve.ch\/wordpress\/wp-content\/uploads\/2019\/10\/72353128_216470872674960_4731938329551962112_n-32x24.jpg 32w, http:\/\/jet-geneve.ch\/wordpress\/wp-content\/uploads\/2019\/10\/72353128_216470872674960_4731938329551962112_n-1x1.jpg 1w\" sizes=\"(max-width: 960px) 100vw, 960px\" \/><\/a><\/span><\/p>\n<p style=\"text-align: left;\">\n","protected":false},"excerpt":{"rendered":"<p>Historique : En 2012, la F\u00e9d\u00e9ration Suisse de Rink-Hockey (FSRH) a demand\u00e9 au Gen\u00e8ve Rink-Hockey Club de cr\u00e9er une \u00e9quipe suppl\u00e9mentaire en ligue nationale B afin de permettre une phase de poules dans cette ligue. Deux \u00e9quipes d&rsquo;un m\u00eame club ne pouvant pas \u00e9voluer ensemble dans les ligues sup\u00e9rieures, un nouveau club a \u00e9t\u00e9 fond\u00e9 [&hellip;]<\/p>\n","protected":false},"author":2,"featured_media":0,"parent":0,"menu_order":0,"comment_status":"open","ping_status":"closed","template":"","meta":{"jetpack_post_was_ever_published":false},"jetpack_shortlink":"https:\/\/wp.me\/P4Fowu-j","jetpack_sharing_enabled":true,"_links":{"self":[{"href":"http:\/\/jet-geneve.ch\/index.php?rest_route=\/wp\/v2\/pages\/19"}],"collection":[{"href":"http:\/\/jet-geneve.ch\/index.php?rest_route=\/wp\/v2\/pages"}],"about":[{"href":"http:\/\/jet-geneve.ch\/index.php?rest_route=\/wp\/v2\/types\/page"}],"author":[{"embeddable":true,"href":"http:\/\/jet-geneve.ch\/index.php?rest_route=\/wp\/v2\/users\/2"}],"replies":[{"embeddable":true,"href":"http:\/\/jet-geneve.ch\/index.php?rest_route=%2Fwp%2Fv2%2Fcomments&post=19"}],"version-history":[{"count":44,"href":"http:\/\/jet-geneve.ch\/index.php?rest_route=\/wp\/v2\/pages\/19\/revisions"}],"predecessor-version":[{"id":1344,"href":"http:\/\/jet-geneve.ch\/index.php?rest_route=\/wp\/v2\/pages\/19\/revisions\/1344"}],"wp:attachment":[{"href":"http:\/\/jet-geneve.ch\/index.php?rest_route=%2Fwp%2Fv2%2Fmedia&parent=19"}],"curies":[{"name":"wp","href":"https:\/\/api.w.org\/{rel}","templated":true}]}}