{"id":32,"date":"2014-05-05T19:25:24","date_gmt":"2014-05-05T17:25:24","guid":{"rendered":"http:\/\/jet-geneve.ch\/?page_id=32"},"modified":"2023-05-31T17:36:45","modified_gmt":"2023-05-31T15:36:45","slug":"contacts","status":"publish","type":"page","link":"https:\/\/jet-geneve.ch\/?page_id=32","title":{"rendered":"Contacts"},"content":{"rendered":"<p style=\"text-align: center;\"><span style=\"color: #000000;\"><strong><span style=\"text-decoration: underline;\">Comit\u00e9<\/span> :<\/strong><\/span><\/p>\n<p style=\"text-align: center;\">Pr\u00e9sident : Thibault VON DANIKEN<\/p>\n<p style=\"text-align: center;\">Vice pr\u00e9sident : Paul VIELLARD<\/p>\n<p style=\"text-align: center;\">Chef de la comission technique : Andr\u00e9 BAUD<\/p>\n<p style=\"text-align: center;\">Secretariat : Thibault VON DANIKEN<\/p>\n<p style=\"text-align: center;\"><a href=\"mailto:secretariat@jet-geneve.ch\">secretariat@jet-geneve.ch<\/a><\/p>\n<p><noscript>*protected email*<\/noscript><\/p>\n<p style=\"text-align: center;\">Comptable : Fadi BACHAYANI<\/p>\n<hr \/>\n<p style=\"text-align: center;\"><span style=\"font-size: 14px; line-height: 1.9;\">Webmaster : Matteo <\/span><span style=\"font-size: 14px; line-height: 1.9;\">CAVADINI &amp; Thibault VON DANIKEN<\/span><\/p>\n<hr \/>\n<p style=\"text-align: center;\"><span style=\"color: #000000;\"><strong><span style=\"text-decoration: underline;\">Adresse<\/span>\u00a0:<\/strong><\/span><\/p>\n<p style=\"text-align: center;\">JET ROLLER CLUB GENEVE<\/p>\n<p style=\"text-align: center;\">CASE POSTALE 259<\/p>\n<p style=\"text-align: center;\">1211 GENEVE 28<\/p>\n<p style=\"text-align: center;\">TEL : <a href=\"tel:+41786418019\">+41786418019<\/a><\/p>\n<hr \/>\n<p style=\"text-align: center;\"><span style=\"color: #000000;\"><strong><span style=\"text-decoration: underline;\">Lieu d&rsquo;entrainement<\/span><\/strong>\u00a0:<\/span><\/p>\n<p style=\"text-align: center;\">Le Jet Roller Club Gen\u00e8ve s&rsquo;entraine le mardi soir de 20h30 \u00e0 22h et le mercredi soir de 20h15 \u00e0 22h00 au centre sportif de la Queue-d&rsquo;Arve.<\/p>\n<p style=\"text-align: center;\">Centre sportif de la Queue-d&rsquo;Arve<\/p>\n<p style=\"text-align: center;\">\u00a0Rue Fran\u00e7ois-Dussaud 12<\/p>\n<p style=\"text-align: center;\">1227 Les Acacias<\/p>\n<p style=\"text-align: center;\">T\u00e9l. +41 22 418 44 44<\/p>\n<p style=\"text-align: center;\"><span style=\"color: #000000;\"><strong><span style=\"text-decoration: underline;\">Acc\u00e8s<\/span> :<\/strong><\/span><\/p>\n<p style=\"text-align: center;\"><\/p>\n\n\n<p><\/p>\n","protected":false},"excerpt":{"rendered":"<p>Comit\u00e9 : Pr\u00e9sident : Thibault VON DANIKEN Vice pr\u00e9sident : Paul VIELLARD Chef de la comission technique : Andr\u00e9 BAUD Secretariat : Thibault VON DANIKEN secretariat@jet-geneve.ch *protected email* Comptable : Fadi BACHAYANI Webmaster : Matteo CAVADINI &amp; Thibault VON DANIKEN Adresse\u00a0: JET ROLLER CLUB GENEVE CASE POSTALE 259 1211 GENEVE 28 TEL : +41786418019 Lieu [&hellip;]<\/p>\n","protected":false},"author":2,"featured_media":0,"parent":0,"menu_order":6,"comment_status":"open","ping_status":"closed","template":"","meta":{"jetpack_post_was_ever_published":false},"jetpack_shortlink":"https:\/\/wp.me\/P4Fowu-w","jetpack_sharing_enabled":true,"_links":{"self":[{"href":"https:\/\/jet-geneve.ch\/index.php?rest_route=\/wp\/v2\/pages\/32"}],"collection":[{"href":"https:\/\/jet-geneve.ch\/index.php?rest_route=\/wp\/v2\/pages"}],"about":[{"href":"https:\/\/jet-geneve.ch\/index.php?rest_route=\/wp\/v2\/types\/page"}],"author":[{"embeddable":true,"href":"https:\/\/jet-geneve.ch\/index.php?rest_route=\/wp\/v2\/users\/2"}],"replies":[{"embeddable":true,"href":"https:\/\/jet-geneve.ch\/index.php?rest_route=%2Fwp%2Fv2%2Fcomments&post=32"}],"version-history":[{"count":38,"href":"https:\/\/jet-geneve.ch\/index.php?rest_route=\/wp\/v2\/pages\/32\/revisions"}],"predecessor-version":[{"id":1345,"href":"https:\/\/jet-geneve.ch\/index.php?rest_route=\/wp\/v2\/pages\/32\/revisions\/1345"}],"wp:attachment":[{"href":"https:\/\/jet-geneve.ch\/index.php?rest_route=%2Fwp%2Fv2%2Fmedia&parent=32"}],"curies":[{"name":"wp","href":"https:\/\/api.w.org\/{rel}","templated":true}]}}